{"id":70,"date":"2025-04-10T12:00:14","date_gmt":"2025-04-10T09:00:14","guid":{"rendered":"https:\/\/www.sempoly.lf.com.tr\/?page_id=70"},"modified":"2025-05-09T17:05:50","modified_gmt":"2025-05-09T14:05:50","slug":"hakkimizda","status":"publish","type":"page","link":"https:\/\/www.sempoly.com\/ru\/hakkimizda\/","title":{"rendered":"\u041e \u043d\u0430\u0441"},"content":{"rendered":"<section class=\"l-section wpb_row height_huge color_primary with_img\"><div class=\"l-section-img\" role=\"img\" data-img-width=\"1200\" data-img-height=\"1600\" style=\"background-image: url(https:\/\/www.sempoly.com\/wp-content\/uploads\/2025\/05\/hakkimizda-4_sempoly.webp);background-repeat: no-repeat;\"><\/div><div class=\"l-section-overlay\" style=\"background:rgba(65,18,18,0.65)\"><\/div><div class=\"l-section-h i-cf\"><div class=\"g-cols vc_row via_flex valign_middle type_default stacking_default\"><div class=\"vc_col-sm-12 wpb_column vc_column_container\"><div class=\"vc_column-inner\"><div class=\"wpb_wrapper\"><div class=\"w-separator size_large\"><\/div><div class=\"wpb_text_column us_custom_df5f4c97 has_text_color\"><div class=\"wpb_wrapper\"><h2 style=\"text-align: left;\">SEMPOLY<\/h2>\n<\/div><\/div><div class=\"w-separator size_small\"><\/div><div class=\"wpb_text_column us_custom_df5f4c97 has_text_color\"><div class=\"wpb_wrapper\"><h1 style=\"text-align: left;\"><strong>\u041e \u041d\u0410\u0421<\/strong><\/h1>\n<\/div><\/div><div class=\"w-separator size_large\"><\/div><\/div><\/div><\/div><\/div><\/div><\/section><section class=\"l-section wpb_row height_huge\"><div class=\"l-section-h i-cf\"><div class=\"g-cols vc_row via_flex valign_middle type_default stacking_default\"><div class=\"vc_col-sm-6 wpb_column vc_column_container\"><div class=\"vc_column-inner\"><div class=\"wpb_wrapper\"><div class=\"wpb_text_column\"><div class=\"wpb_wrapper\"><h2><strong>\u0412 \u0425\u0418\u041c\u0418\u0418<\/strong><br \/>\n<strong>\u042d\u041a\u0421\u041f\u0415\u0420\u0422,<\/strong><br \/>\n<span style=\"color: #870000;\"><strong>\u0421\u0418\u041b\u042c\u041d\u0410\u042f \u0421\u0422\u0420\u0423\u041a\u0422\u0423\u0420\u0410!<\/strong><\/span><\/h2>\n<\/div><\/div><div class=\"w-separator size_small\"><\/div><div class=\"wpb_text_column\"><div class=\"wpb_wrapper\"><p class=\"\" data-start=\"212\" data-end=\"523\">\u041a\u043e\u043c\u043f\u0430\u043d\u0438\u044f Sempoly Construction Chemicals \u0431\u044b\u043b\u0430 \u043e\u0441\u043d\u043e\u0432\u0430\u043d\u0430 \u0441 \u0446\u0435\u043b\u044c\u044e \u043f\u0440\u043e\u0438\u0437\u0432\u043e\u0434\u0441\u0442\u0432\u0430 \u0432\u044b\u0441\u043e\u043a\u043e\u043a\u0430\u0447\u0435\u0441\u0442\u0432\u0435\u043d\u043d\u043e\u0439 \u0441\u0442\u0440\u043e\u0438\u0442\u0435\u043b\u044c\u043d\u043e\u0439 \u0445\u0438\u043c\u0438\u0438 \u0434\u043b\u044f \u0441\u0442\u0440\u043e\u0438\u0442\u0435\u043b\u044c\u043d\u043e\u0439 \u043e\u0442\u0440\u0430\u0441\u043b\u0438. \u041d\u0430\u0448\u0430 \u043a\u043e\u043c\u043f\u0430\u043d\u0438\u044f, \u0441\u0442\u0440\u0435\u043c\u044f\u0449\u0430\u044f\u0441\u044f \u043f\u0440\u0435\u0434\u043b\u0430\u0433\u0430\u0442\u044c \u0438\u043d\u043d\u043e\u0432\u0430\u0446\u0438\u043e\u043d\u043d\u044b\u0435 \u0438 \u0443\u0441\u0442\u043e\u0439\u0447\u0438\u0432\u044b\u0435 \u0440\u0435\u0448\u0435\u043d\u0438\u044f \u0441 \u0438\u0441\u043f\u043e\u043b\u044c\u0437\u043e\u0432\u0430\u043d\u0438\u0435\u043c \u0440\u0430\u0437\u0432\u0438\u0432\u0430\u044e\u0449\u0438\u0445\u0441\u044f \u0442\u0435\u0445\u043d\u043e\u043b\u043e\u0433\u0438\u0439, \u0441\u0442\u0430\u043b\u0430 \u043e\u0434\u043d\u0438\u043c \u0438\u0437 \u043d\u0430\u0434\u0435\u0436\u043d\u044b\u0445 \u0431\u0440\u0435\u043d\u0434\u043e\u0432 \u0432 \u043e\u0442\u0440\u0430\u0441\u043b\u0438, \u0435\u0436\u0435\u0434\u043d\u0435\u0432\u043d\u043e \u0440\u0430\u0441\u0448\u0438\u0440\u044f\u044f \u0430\u0441\u0441\u043e\u0440\u0442\u0438\u043c\u0435\u043d\u0442 \u0441\u0432\u043e\u0435\u0439 \u043f\u0440\u043e\u0434\u0443\u043a\u0446\u0438\u0438.<\/p>\n<p class=\"\" data-start=\"525\" data-end=\"873\">\u0411\u043b\u0430\u0433\u043e\u0434\u0430\u0440\u044f \u043d\u0430\u0448\u0435\u043c\u0443 \u043f\u0440\u043e\u0438\u0437\u0432\u043e\u0434\u0441\u0442\u0432\u0435\u043d\u043d\u043e\u043c\u0443 \u043f\u043e\u0434\u0445\u043e\u0434\u0443, \u043e\u0440\u0438\u0435\u043d\u0442\u0438\u0440\u043e\u0432\u0430\u043d\u043d\u043e\u043c\u0443 \u043d\u0430 \u041d\u0418\u041e\u041a\u0420; \u041c\u044b \u043f\u0440\u0435\u0434\u043b\u0430\u0433\u0430\u0435\u043c \u0440\u0435\u0448\u0435\u043d\u0438\u044f \u0434\u043b\u044f \u043f\u0440\u043e\u0444\u0435\u0441\u0441\u0438\u043e\u043d\u0430\u043b\u044c\u043d\u044b\u0445 \u043d\u0443\u0436\u0434 \u0432 \u0440\u0430\u0437\u043b\u0438\u0447\u043d\u044b\u0445 \u043e\u0431\u043b\u0430\u0441\u0442\u044f\u0445, \u0442\u0430\u043a\u0438\u0445 \u043a\u0430\u043a \u043f\u043e\u043b\u0438\u0443\u0440\u0435\u0442\u0430\u043d\u043e\u0432\u044b\u0435, \u0431\u0438\u0442\u0443\u043c\u043d\u044b\u0435, \u044d\u043f\u043e\u043a\u0441\u0438\u0434\u043d\u044b\u0435 \u0438 \u0438\u043d\u044a\u0435\u043a\u0446\u0438\u043e\u043d\u043d\u044b\u0435 \u0441\u0438\u0441\u0442\u0435\u043c\u044b. \u041c\u044b \u0441\u0442\u0440\u0435\u043c\u0438\u043c\u0441\u044f \u043f\u043e\u0432\u044b\u0441\u0438\u0442\u044c \u0441\u0442\u0430\u043d\u0434\u0430\u0440\u0442\u044b \u043a\u0430\u0447\u0435\u0441\u0442\u0432\u0430 \u0432 \u0441\u0442\u0440\u043e\u0438\u0442\u0435\u043b\u044c\u043d\u043e\u0439 \u043e\u0442\u0440\u0430\u0441\u043b\u0438, \u0440\u0430\u0437\u0440\u0430\u0431\u0430\u0442\u044b\u0432\u0430\u044f \u0432\u044b\u0441\u043e\u043a\u043e\u043f\u0440\u043e\u0438\u0437\u0432\u043e\u0434\u0438\u0442\u0435\u043b\u044c\u043d\u0443\u044e \u043f\u0440\u043e\u0434\u0443\u043a\u0446\u0438\u044e \u0432\u043e \u043c\u043d\u043e\u0433\u0438\u0445 \u043e\u0431\u043b\u0430\u0441\u0442\u044f\u0445: \u043e\u0442 \u0441\u0438\u0441\u0442\u0435\u043c \u0433\u0438\u0434\u0440\u043e\u0438\u0437\u043e\u043b\u044f\u0446\u0438\u0438 \u0434\u043e \u043d\u0430\u043f\u043e\u043b\u044c\u043d\u044b\u0445 \u043f\u043e\u043a\u0440\u044b\u0442\u0438\u0439.<\/p>\n<\/div><\/div><\/div><\/div><\/div><div class=\"vc_col-sm-6 wpb_column vc_column_container\"><div class=\"vc_column-inner\"><div class=\"wpb_wrapper\"><div class=\"w-separator size_medium\"><\/div><div data-us-scroll=\"{&quot;from_initial_position&quot;:&quot;0&quot;,&quot;start_position&quot;:&quot;0%&quot;,&quot;end_position&quot;:&quot;100%&quot;,&quot;delay&quot;:&quot;0.1s&quot;,&quot;opacity_direction&quot;:&quot;out-in&quot;}\" class=\"w-image has_scroll_effects has_opacity align_center\"><div class=\"w-image-h\"><img decoding=\"async\" width=\"1024\" height=\"683\" src=\"https:\/\/www.sempoly.com\/wp-content\/uploads\/2025\/04\/sempoly-mock-up_yeni-1024x683.webp\" class=\"attachment-large size-large\" alt=\"\" loading=\"lazy\" srcset=\"https:\/\/www.sempoly.com\/wp-content\/uploads\/2025\/04\/sempoly-mock-up_yeni-1024x683.webp 1024w, https:\/\/www.sempoly.com\/wp-content\/uploads\/2025\/04\/sempoly-mock-up_yeni-300x200.webp 300w, https:\/\/www.sempoly.com\/wp-content\/uploads\/2025\/04\/sempoly-mock-up_yeni-600x400.webp 600w, https:\/\/www.sempoly.com\/wp-content\/uploads\/2025\/04\/sempoly-mock-up_yeni-150x100.webp 150w, https:\/\/www.sempoly.com\/wp-content\/uploads\/2025\/04\/sempoly-mock-up_yeni-80x53.webp 80w, https:\/\/www.sempoly.com\/wp-content\/uploads\/2025\/04\/sempoly-mock-up_yeni-40x27.webp 40w\" sizes=\"auto, (max-width: 1024px) 100vw, 1024px\" \/><\/div><\/div><div class=\"w-separator size_medium\"><\/div><\/div><\/div><\/div><\/div><\/div><\/section>","protected":false},"excerpt":{"rendered":"SEMPOLY HAKKIMIZDA K\u0130MYADA UZMAN, YAPIDA G\u00dc\u00c7L\u00dc! Sempoly Yap\u0131 Kimyasallar\u0131, in\u015faat sekt\u00f6r\u00fcne y\u00f6nelik y\u00fcksek kaliteli yap\u0131 kimyasallar\u0131 \u00fcretmek amac\u0131yla kurulmu\u015ftur. Geli\u015fen teknolojiyle birlikte yenilik\u00e7i ve s\u00fcrd\u00fcr\u00fclebilir \u00e7\u00f6z\u00fcmler sunmay\u0131 hedefleyen firmam\u0131z, her ge\u00e7en g\u00fcn \u00fcr\u00fcn yelpazesini geni\u015fleterek sekt\u00f6r\u00fcn g\u00fcvenilir markalar\u0131ndan biri haline gelmi\u015ftir. Ar-Ge odakl\u0131 \u00fcretim anlay\u0131\u015f\u0131m\u0131z sayesinde; poli\u00fcretan, bit\u00fcm, epoksi ve enjeksiyon sistemleri gibi farkl\u0131 alanlarda...","protected":false},"author":1,"featured_media":0,"parent":0,"menu_order":0,"comment_status":"closed","ping_status":"closed","template":"","meta":{"footnotes":""},"class_list":["post-70","page","type-page","status-publish","hentry"],"yoast_head":"<!-- This site is optimized with the Yoast SEO plugin v27.4 - https:\/\/yoast.com\/product\/yoast-seo-wordpress\/ -->\n<title>Hakk\u0131m\u0131zda - Sempoly<\/title>\n<meta name=\"robots\" content=\"index, follow, max-snippet:-1, max-image-preview:large, max-video-preview:-1\" \/>\n<link rel=\"canonical\" href=\"https:\/\/www.sempoly.com\/ru\/hakkimizda\/\" \/>\n<meta property=\"og:locale\" content=\"ru_RU\" \/>\n<meta property=\"og:type\" content=\"article\" \/>\n<meta property=\"og:title\" content=\"Hakk\u0131m\u0131zda - Sempoly\" \/>\n<meta property=\"og:url\" content=\"https:\/\/www.sempoly.com\/ru\/hakkimizda\/\" \/>\n<meta property=\"og:site_name\" content=\"Sempoly\" \/>\n<meta property=\"article:modified_time\" content=\"2025-05-09T14:05:50+00:00\" \/>\n<meta name=\"twitter:card\" content=\"summary_large_image\" \/>\n<meta name=\"twitter:label1\" content=\"\u041f\u0440\u0438\u043c\u0435\u0440\u043d\u043e\u0435 \u0432\u0440\u0435\u043c\u044f \u0434\u043b\u044f \u0447\u0442\u0435\u043d\u0438\u044f\" \/>\n\t<meta name=\"twitter:data1\" content=\"1 \u043c\u0438\u043d\u0443\u0442\u0430\" \/>\n<script type=\"application\/ld+json\" class=\"yoast-schema-graph\">{\"@context\":\"https:\\\/\\\/schema.org\",\"@graph\":[{\"@type\":\"WebPage\",\"@id\":\"https:\\\/\\\/www.sempoly.com\\\/hakkimizda\\\/\",\"url\":\"https:\\\/\\\/www.sempoly.com\\\/hakkimizda\\\/\",\"name\":\"Hakk\u0131m\u0131zda - Sempoly\",\"isPartOf\":{\"@id\":\"https:\\\/\\\/www.sempoly.com\\\/#website\"},\"datePublished\":\"2025-04-10T09:00:14+00:00\",\"dateModified\":\"2025-05-09T14:05:50+00:00\",\"breadcrumb\":{\"@id\":\"https:\\\/\\\/www.sempoly.com\\\/hakkimizda\\\/#breadcrumb\"},\"inLanguage\":\"ru-RU\",\"potentialAction\":[{\"@type\":\"ReadAction\",\"target\":[\"https:\\\/\\\/www.sempoly.com\\\/hakkimizda\\\/\"]}]},{\"@type\":\"BreadcrumbList\",\"@id\":\"https:\\\/\\\/www.sempoly.com\\\/hakkimizda\\\/#breadcrumb\",\"itemListElement\":[{\"@type\":\"ListItem\",\"position\":1,\"name\":\"Anasayfa\",\"item\":\"https:\\\/\\\/www.sempoly.com\\\/\"},{\"@type\":\"ListItem\",\"position\":2,\"name\":\"Hakk\u0131m\u0131zda\"}]},{\"@type\":\"WebSite\",\"@id\":\"https:\\\/\\\/www.sempoly.com\\\/#website\",\"url\":\"https:\\\/\\\/www.sempoly.com\\\/\",\"name\":\"Sempoly\",\"description\":\"\",\"potentialAction\":[{\"@type\":\"SearchAction\",\"target\":{\"@type\":\"EntryPoint\",\"urlTemplate\":\"https:\\\/\\\/www.sempoly.com\\\/?s={search_term_string}\"},\"query-input\":{\"@type\":\"PropertyValueSpecification\",\"valueRequired\":true,\"valueName\":\"search_term_string\"}}],\"inLanguage\":\"ru-RU\"}]}<\/script>\n<!-- \/ Yoast SEO plugin. -->","yoast_head_json":{"title":"Hakk\u0131m\u0131zda - Sempoly","robots":{"index":"index","follow":"follow","max-snippet":"max-snippet:-1","max-image-preview":"max-image-preview:large","max-video-preview":"max-video-preview:-1"},"canonical":"https:\/\/www.sempoly.com\/ru\/hakkimizda\/","og_locale":"ru_RU","og_type":"article","og_title":"Hakk\u0131m\u0131zda - Sempoly","og_url":"https:\/\/www.sempoly.com\/ru\/hakkimizda\/","og_site_name":"Sempoly","article_modified_time":"2025-05-09T14:05:50+00:00","twitter_card":"summary_large_image","twitter_misc":{"\u041f\u0440\u0438\u043c\u0435\u0440\u043d\u043e\u0435 \u0432\u0440\u0435\u043c\u044f \u0434\u043b\u044f \u0447\u0442\u0435\u043d\u0438\u044f":"1 \u043c\u0438\u043d\u0443\u0442\u0430"},"schema":{"@context":"https:\/\/schema.org","@graph":[{"@type":"WebPage","@id":"https:\/\/www.sempoly.com\/hakkimizda\/","url":"https:\/\/www.sempoly.com\/hakkimizda\/","name":"Hakk\u0131m\u0131zda - Sempoly","isPartOf":{"@id":"https:\/\/www.sempoly.com\/#website"},"datePublished":"2025-04-10T09:00:14+00:00","dateModified":"2025-05-09T14:05:50+00:00","breadcrumb":{"@id":"https:\/\/www.sempoly.com\/hakkimizda\/#breadcrumb"},"inLanguage":"ru-RU","potentialAction":[{"@type":"ReadAction","target":["https:\/\/www.sempoly.com\/hakkimizda\/"]}]},{"@type":"BreadcrumbList","@id":"https:\/\/www.sempoly.com\/hakkimizda\/#breadcrumb","itemListElement":[{"@type":"ListItem","position":1,"name":"Anasayfa","item":"https:\/\/www.sempoly.com\/"},{"@type":"ListItem","position":2,"name":"Hakk\u0131m\u0131zda"}]},{"@type":"WebSite","@id":"https:\/\/www.sempoly.com\/#website","url":"https:\/\/www.sempoly.com\/","name":"Sempoly","description":"","potentialAction":[{"@type":"SearchAction","target":{"@type":"EntryPoint","urlTemplate":"https:\/\/www.sempoly.com\/?s={search_term_string}"},"query-input":{"@type":"PropertyValueSpecification","valueRequired":true,"valueName":"search_term_string"}}],"inLanguage":"ru-RU"}]}},"_links":{"self":[{"href":"https:\/\/www.sempoly.com\/ru\/wp-json\/wp\/v2\/pages\/70","targetHints":{"allow":["GET"]}}],"collection":[{"href":"https:\/\/www.sempoly.com\/ru\/wp-json\/wp\/v2\/pages"}],"about":[{"href":"https:\/\/www.sempoly.com\/ru\/wp-json\/wp\/v2\/types\/page"}],"author":[{"embeddable":true,"href":"https:\/\/www.sempoly.com\/ru\/wp-json\/wp\/v2\/users\/1"}],"replies":[{"embeddable":true,"href":"https:\/\/www.sempoly.com\/ru\/wp-json\/wp\/v2\/comments?post=70"}],"version-history":[{"count":10,"href":"https:\/\/www.sempoly.com\/ru\/wp-json\/wp\/v2\/pages\/70\/revisions"}],"predecessor-version":[{"id":232,"href":"https:\/\/www.sempoly.com\/ru\/wp-json\/wp\/v2\/pages\/70\/revisions\/232"}],"wp:attachment":[{"href":"https:\/\/www.sempoly.com\/ru\/wp-json\/wp\/v2\/media?parent=70"}],"curies":[{"name":"WP","href":"https:\/\/api.w.org\/{rel}","templated":true}]}}