{"id":72,"date":"2025-04-10T11:42:58","date_gmt":"2025-04-10T08:42:58","guid":{"rendered":"https:\/\/www.sempoly.lf.com.tr\/?page_id=72"},"modified":"2025-08-29T16:10:15","modified_gmt":"2025-08-29T13:10:15","slug":"iletisim","status":"publish","type":"page","link":"https:\/\/www.sempoly.com\/en\/iletisim\/","title":{"rendered":"Contact"},"content":{"rendered":"<section class=\"l-section wpb_row height_small\"><div class=\"l-section-h i-cf\"><div class=\"g-cols vc_row via_flex valign_top type_default stacking_default\"><div class=\"vc_col-sm-6 wpb_column vc_column_container\"><div class=\"vc_column-inner\"><div class=\"wpb_wrapper\"><div class=\"wpb_text_column\"><div class=\"wpb_wrapper\"><h4><strong>CONTACT US<\/strong><\/h4>\n<\/div><\/div><div class=\"w-separator size_small\"><\/div><div class=\"w-contacts\"><div class=\"w-contacts-list\"><div class=\"w-contacts-item for_address\"><span class=\"w-contacts-item-value\">Guzeller OSB Mh. Cumhuriyet St. NO:2\/11-12, 41000 Gebze\/Kocaeli, Gebze, Kocaeli, 41000<\/span><\/div><div class=\"w-contacts-item for_phone\"><span class=\"w-contacts-item-value\">+90 541 940 02 76<\/span><\/div><div class=\"w-contacts-item for_email\"><span class=\"w-contacts-item-value\"><a href=\"mailto:info@sempoly.com\">info@sempoly.com<\/a><\/span><\/div><\/div><\/div><div class=\"w-separator size_small\"><\/div><div class=\"w-btn-wrapper align_none\"><a class=\"w-btn us-btn-style_1 icon_atleft\" title=\"Get Directions\" href=\"https:\/\/www.google.pl\/maps\/dir\/\/Sempoly+Yap\u0131+Kimyasallar\u0131+ve+Zemin+Teknolojileri,+SEMPOLY+\u00dcRET\u0130M+TES\u0130S\u0130+\u0130N\u00d6N\u00dc+MAH.GEBZE+G\u00dcZELLER+OSB+MAH,+Cumhuriyet+Cd.+NO:2\/12,+41000+Gebze\/Kocaeli\/@40.8350343,29.4472508,17z\/data=!4m8!4m7!1m0!1m5!1m1!1s0x14cad114b6638d33:0x3e0d670fe76f9b07!2m2!1d29.4498257!2d40.8350343?entry=ttu&amp;g_ep=EgoyMDI1MDQwOS4wIKXMDSoJLDEwMjExNDUzSAFQAw==\"><i class=\"fas fa-angle-right\"><\/i><span class=\"w-btn-label\">Get Directions<\/span><\/a><\/div><\/div><\/div><\/div><div class=\"vc_col-sm-6 wpb_column vc_column_container\"><div class=\"vc_column-inner\"><div class=\"wpb_wrapper\"><div class=\"wpb_text_column\"><div class=\"wpb_wrapper\"><h4><strong>CONTACT FORM<\/strong><\/h4>\n<\/div><\/div><div class=\"w-separator size_small\"><\/div><form class=\"w-form  us-field-style_1 layout_ver show_message_after_sending for_cform us_form_1\" action=\"https:\/\/www.sempoly.com\/en\/en\/wp-json\/wp\/v2\/pages\/72\" method=\"post\" data-trp-original-action=\"https:\/\/www.sempoly.com\/en\/en\/wp-json\/wp\/v2\/pages\/72\"><div class=\"w-form-h\"><div class=\"w-form-row for_text\">\r\n\t\t<div class=\"w-form-row-field\">\r\n\t\t\t\t\t\t<input aria-label=\"Name\" type=\"text\" name=\"us_form_1_text_1\" value placeholder=\"Name\"\/>\r\n\t\t\t<\/div>\r\n\t\t<div class=\"w-form-row-state\">Fill out this field<\/div>\r\n<\/div>\r\n<div class=\"w-form-row for_email\">\r\n\t\t<div class=\"w-form-row-field\">\r\n\t\t\t\t\t\t<input aria-label=\"Email\" type=\"email\" name=\"us_form_1_email_1\" value placeholder=\"Email\"\/>\r\n\t\t\t<\/div>\r\n\t\t<div class=\"w-form-row-state\">Please enter a valid email address.<\/div>\r\n<\/div>\r\n<div class=\"w-form-row for_text\">\r\n\t\t<div class=\"w-form-row-field\">\r\n\t\t\t\t\t\t<input aria-label=\"Telephone\" type=\"text\" name=\"us_form_1_text_2\" value placeholder=\"Telephone\"\/>\r\n\t\t\t<\/div>\r\n\t\t<div class=\"w-form-row-state\">Fill out this field<\/div>\r\n<\/div>\r\n<div class=\"w-form-row for_textarea\">\r\n\t\t<div class=\"w-form-row-field\">\r\n\t\t\t\t\t\t<textarea aria-label=\"Offer Details\" name=\"us_form_1_textarea_1\" placeholder=\"Offer Details\"><\/textarea>\r\n\t\t\t<\/div>\r\n\t\t<div class=\"w-form-row-state\">Fill out this field<\/div>\r\n<\/div>\r\n<input type=\"hidden\" name=\"action\" value=\"us_ajax_cform\" \/>\r\n<input type=\"hidden\" name=\"post_id\" value=\"0\" \/>\r\n<input type=\"hidden\" name=\"form_index\" value=\"1\" \/>\r\n<div class=\"w-form-row for_submit align_none\">\r\n\t<button class=\"w-btn  us-btn-style_1\" aria-label=\"Submit\" type=\"submit\">\r\n\t\t<span class=\"g-preloader type_1\"><\/span>\r\n\t\t\t\t<span class=\"w-btn-label\">Submit<\/span>\r\n\t\t\t<\/button>\r\n\t<\/div>\r\n<\/div><div class=\"w-form-message\"><\/div><div class=\"w-form-json hidden\" onclick='return {&quot;ajaxurl&quot;:&quot;https:\\\/\\\/www.sempoly.com\\\/wp-admin\\\/admin-ajax.php&quot;,&quot;messages&quot;:{&quot;err_empty&quot;:&quot;Fill out this field&quot;,&quot;err_size&quot;:&quot;File size cannot exceed %s MB&quot;,&quot;err_extension&quot;:&quot;%s file type is not allowed&quot;,&quot;err_recaptcha_keys&quot;:&quot;reCAPTCHA keys are incorrect&quot;}}'><\/div><input type=\"hidden\" name=\"trp-form-language\" value=\"en\"\/><\/form><\/div><\/div><\/div><\/div><\/div><\/section><section class=\"l-section wpb_row height_auto width_full\"><div class=\"l-section-h i-cf\"><div class=\"g-cols vc_row via_flex valign_top type_default stacking_default\"><div class=\"vc_col-sm-12 wpb_column vc_column_container\"><div class=\"vc_column-inner\"><div class=\"wpb_wrapper\"><div class=\"w-html\"><iframe src=\"https:\/\/www.google.com\/maps\/embed?pb=!1m18!1m12!1m3!1d3018.6780772026427!2d29.444954794977757!3d40.83503419756922!2m3!1f0!2f0!3f0!3m2!1i1024!2i768!4f13.1!3m3!1m2!1s0x14cad114b6638d33%3A0x3e0d670fe76f9b07!2sSempoly%20Yap%C4%B1%20Kimyasallar%C4%B1%20ve%20Zemin%20Teknolojileri!5e0!3m2!1str!2str!4v1746432595758!5m2!1str!2str\" width=\"100%\" height=\"450\" style=\"border:0;\" allowfullscreen=\"\" loading=\"lazy\" referrerpolicy=\"no-referrer-when-downgrade\"><\/iframe><\/div><\/div><\/div><\/div><\/div><\/div><\/section>","protected":false},"excerpt":{"rendered":"CONTACT US G\u00fczeller OSB Mh. Cumhuriyet Cd. NO:2\/11-12, 41000 Gebze\/Kocaeli, Gebze, Kocaeli, 41000 +90 541 940 02 76 info@sempoly.comGet Directions QUOTE FORM Fill out this field Please enter a valid email address. Fill out this field Fill out this field Submit","protected":false},"author":1,"featured_media":0,"parent":0,"menu_order":0,"comment_status":"closed","ping_status":"closed","template":"","meta":{"footnotes":""},"class_list":["post-72","page","type-page","status-publish","hentry"],"yoast_head":"<!-- This site is optimized with the Yoast SEO plugin v27.4 - https:\/\/yoast.com\/product\/yoast-seo-wordpress\/ -->\n<title>\u0130leti\u015fim - Sempoly<\/title>\n<meta name=\"robots\" content=\"index, follow, max-snippet:-1, max-image-preview:large, max-video-preview:-1\" \/>\n<link rel=\"canonical\" href=\"https:\/\/www.sempoly.com\/en\/iletisim\/\" \/>\n<meta property=\"og:locale\" content=\"en_US\" \/>\n<meta property=\"og:type\" content=\"article\" \/>\n<meta property=\"og:title\" content=\"\u0130leti\u015fim - Sempoly\" \/>\n<meta property=\"og:url\" content=\"https:\/\/www.sempoly.com\/en\/iletisim\/\" \/>\n<meta property=\"og:site_name\" content=\"Sempoly\" \/>\n<meta property=\"article:modified_time\" content=\"2025-08-29T13:10:15+00:00\" \/>\n<meta name=\"twitter:card\" content=\"summary_large_image\" \/>\n<meta name=\"twitter:label1\" content=\"Est. reading time\" \/>\n\t<meta name=\"twitter:data1\" content=\"1 minute\" \/>\n<script type=\"application\/ld+json\" class=\"yoast-schema-graph\">{\"@context\":\"https:\\\/\\\/schema.org\",\"@graph\":[{\"@type\":\"WebPage\",\"@id\":\"https:\\\/\\\/www.sempoly.com\\\/iletisim\\\/\",\"url\":\"https:\\\/\\\/www.sempoly.com\\\/iletisim\\\/\",\"name\":\"\u0130leti\u015fim - Sempoly\",\"isPartOf\":{\"@id\":\"https:\\\/\\\/www.sempoly.com\\\/#website\"},\"datePublished\":\"2025-04-10T08:42:58+00:00\",\"dateModified\":\"2025-08-29T13:10:15+00:00\",\"breadcrumb\":{\"@id\":\"https:\\\/\\\/www.sempoly.com\\\/iletisim\\\/#breadcrumb\"},\"inLanguage\":\"en-US\",\"potentialAction\":[{\"@type\":\"ReadAction\",\"target\":[\"https:\\\/\\\/www.sempoly.com\\\/iletisim\\\/\"]}]},{\"@type\":\"BreadcrumbList\",\"@id\":\"https:\\\/\\\/www.sempoly.com\\\/iletisim\\\/#breadcrumb\",\"itemListElement\":[{\"@type\":\"ListItem\",\"position\":1,\"name\":\"Anasayfa\",\"item\":\"https:\\\/\\\/www.sempoly.com\\\/\"},{\"@type\":\"ListItem\",\"position\":2,\"name\":\"\u0130leti\u015fim\"}]},{\"@type\":\"WebSite\",\"@id\":\"https:\\\/\\\/www.sempoly.com\\\/#website\",\"url\":\"https:\\\/\\\/www.sempoly.com\\\/\",\"name\":\"Sempoly\",\"description\":\"\",\"potentialAction\":[{\"@type\":\"SearchAction\",\"target\":{\"@type\":\"EntryPoint\",\"urlTemplate\":\"https:\\\/\\\/www.sempoly.com\\\/?s={search_term_string}\"},\"query-input\":{\"@type\":\"PropertyValueSpecification\",\"valueRequired\":true,\"valueName\":\"search_term_string\"}}],\"inLanguage\":\"en-US\"}]}<\/script>\n<!-- \/ Yoast SEO plugin. -->","yoast_head_json":{"title":"Contact - Sempoly","robots":{"index":"index","follow":"follow","max-snippet":"max-snippet:-1","max-image-preview":"max-image-preview:large","max-video-preview":"max-video-preview:-1"},"canonical":"https:\/\/www.sempoly.com\/en\/iletisim\/","og_locale":"en_US","og_type":"article","og_title":"\u0130leti\u015fim - Sempoly","og_url":"https:\/\/www.sempoly.com\/en\/iletisim\/","og_site_name":"Sempoly","article_modified_time":"2025-08-29T13:10:15+00:00","twitter_card":"summary_large_image","twitter_misc":{"Est. reading time":"1 minute"},"schema":{"@context":"https:\/\/schema.org","@graph":[{"@type":"WebPage","@id":"https:\/\/www.sempoly.com\/iletisim\/","url":"https:\/\/www.sempoly.com\/iletisim\/","name":"Contact - Sempoly","isPartOf":{"@id":"https:\/\/www.sempoly.com\/#website"},"datePublished":"2025-04-10T08:42:58+00:00","dateModified":"2025-08-29T13:10:15+00:00","breadcrumb":{"@id":"https:\/\/www.sempoly.com\/iletisim\/#breadcrumb"},"inLanguage":"en-US","potentialAction":[{"@type":"ReadAction","target":["https:\/\/www.sempoly.com\/iletisim\/"]}]},{"@type":"BreadcrumbList","@id":"https:\/\/www.sempoly.com\/iletisim\/#breadcrumb","itemListElement":[{"@type":"ListItem","position":1,"name":"Anasayfa","item":"https:\/\/www.sempoly.com\/"},{"@type":"ListItem","position":2,"name":"\u0130leti\u015fim"}]},{"@type":"WebSite","@id":"https:\/\/www.sempoly.com\/#website","url":"https:\/\/www.sempoly.com\/","name":"Sempoly","description":"","potentialAction":[{"@type":"SearchAction","target":{"@type":"EntryPoint","urlTemplate":"https:\/\/www.sempoly.com\/?s={search_term_string}"},"query-input":{"@type":"PropertyValueSpecification","valueRequired":true,"valueName":"search_term_string"}}],"inLanguage":"en-US"}]}},"_links":{"self":[{"href":"https:\/\/www.sempoly.com\/en\/wp-json\/wp\/v2\/pages\/72","targetHints":{"allow":["GET"]}}],"collection":[{"href":"https:\/\/www.sempoly.com\/en\/wp-json\/wp\/v2\/pages"}],"about":[{"href":"https:\/\/www.sempoly.com\/en\/wp-json\/wp\/v2\/types\/page"}],"author":[{"embeddable":true,"href":"https:\/\/www.sempoly.com\/en\/wp-json\/wp\/v2\/users\/1"}],"replies":[{"embeddable":true,"href":"https:\/\/www.sempoly.com\/en\/wp-json\/wp\/v2\/comments?post=72"}],"version-history":[{"count":10,"href":"https:\/\/www.sempoly.com\/en\/wp-json\/wp\/v2\/pages\/72\/revisions"}],"predecessor-version":[{"id":1038,"href":"https:\/\/www.sempoly.com\/en\/wp-json\/wp\/v2\/pages\/72\/revisions\/1038"}],"wp:attachment":[{"href":"https:\/\/www.sempoly.com\/en\/wp-json\/wp\/v2\/media?parent=72"}],"curies":[{"name":"wp","href":"https:\/\/api.w.org\/{rel}","templated":true}]}}