{"id":10,"date":"2023-01-31T22:03:05","date_gmt":"2023-01-31T19:03:05","guid":{"rendered":"https:\/\/www.woodyport.com\/?page_id=10"},"modified":"2025-04-14T10:18:08","modified_gmt":"2025-04-14T07:18:08","slug":"kisisel-verilerin-korunmasi","status":"publish","type":"page","link":"https:\/\/www.sempoly.com\/en\/kisisel-verilerin-korunmasi\/","title":{"rendered":"Protection of Personal Data"},"content":{"rendered":"<h3><strong>Personal Data Protection Law<\/strong><\/h3>\n<p>Dear guest,<\/p>\n<p>We respect and value the privacy of your private life.<\/p>\n<p>Therefore, we would like to inform you about your rights regarding the use and protection of your personal data within the scope of the Personal Data Protection Law No. 6698 (Law), which is in force in order to protect your fundamental rights and freedoms.<\/p>\n<p>General Law Scope<br \/>\nIn the Law, our company is referred to as the \u201cData Controller\u201d. Within the scope of the Law, \u201cData Processing\u201d refers to any and all operations performed on personal data, such as obtaining, recording, storing, updating, classifying, sharing with third parties permitted by law, or transferring to them, in whole or in part, by automatic means or non-automatic means provided that it is part of any data recording system.<\/p>\n<p>Legal Reasons for Processing Personal Data<br \/>\nWithin the scope of the relationship we will establish due to the products and services you will receive from our company; we process your personal data for the legal reasons set forth in Article 5 of the Law:<\/p>\n<p>It is clearly provided for in the laws regulated in Article 5\/2 (a),<br \/>\nThe processing of personal data of the parties to the contract is necessary, provided that it is directly related to the contract you have signed with our company or the fulfillment of this contract, as stipulated in Article 5\/2 (c).<br \/>\nIt is mandatory for our company to fulfill its legal obligations regulated in Article 5\/2 (\u00e7),<br \/>\nData processing is necessary for the establishment, exercise or protection of a right regulated in Article 5\/2 (e),<br \/>\nData processing is mandatory for the legitimate interests of our company, provided that it does not harm your fundamental rights and freedoms as regulated in Article 5\/2 (f),<br \/>\nFor your special personal data; you must have explicit consent in accordance with Article 6\/2 of the Law.<br \/>\nWhy and For What Purposes Do We Use Your Personal Data? Purposes of Processing Personal Data<br \/>\nTo record your identity, address and other necessary information in order to identify your information in the transactions you make,<br \/>\nTo convey important information that we need to share with you via your contact information,<br \/>\nRecording camera footage in our buildings due to workplace security practices,<br \/>\nTo plan, audit and implement our corporate sustainability, corporate governance, strategic planning and information security processes,<br \/>\nTo fulfill our administrative and legal obligations and the contracts we have signed with you.<br \/>\nIf necessary, we only share your personal data with persons and organisations permitted by law.<br \/>\nWhat are your rights under the law?<br \/>\nYou can contact our company at any time to request your personal data;<\/p>\n<p>You can learn whether your data has been processed, the purpose of processing and whether it has been used in accordance with its purpose, and if it has been processed, you can request information about it,<br \/>\nYou can learn about the third parties with whom your information is shared, both domestically and abroad, in accordance with the law.<br \/>\nIf you think that your information is processed incompletely or incorrectly, you can request correction,<br \/>\nYou may request the deletion or destruction of your information within the framework of the conditions stipulated in Article 7 of the Law,<br \/>\nYou may request that the requests specified in clauses (c) and (d) be notified to the third parties to whom your information has been transferred and that they perform the same procedures,<br \/>\nYou may object to a result that is detrimental to you due to the analysis of your information by automated systems, or if you believe that it has been recorded or used unlawfully and you have suffered damages as a result, you may request compensation for the damages.<br \/>\nIf your application for these purposes requires an additional cost, you may be required to pay the fee in the tariff determined by the Personal Data Protection Board. Your requests in your application will be finalized as soon as possible and within 30 (thirty) days at the latest, depending on the nature of the request.<\/p>\n<p>In order to benefit from your rights under the law, you can submit your applications in writing, using your registered electronic mail (KEP) address, secure electronic signature, mobile signature or your electronic mail address that you have previously notified to our Bank and is registered in our Bank&#039;s system. You can visit the Personal Data Protection Authority&#039;s website for detailed information.<\/p>\n<p>We wish you a good day.<\/p>\n<p>* If there is any change in the personal data inventory study, our company will update this information.<\/p>","protected":false},"excerpt":{"rendered":"<p>Personal Data Protection Law Dear guest, We respect and value the privacy of your private life. Therefore, we would like to inform you about your rights regarding the use and protection of your personal data under Personal Data Protection Law No. 6698 (the Law), which is in effect to protect your fundamental rights and freedoms. General Law Scope: In the Law, our company is referred to as the &quot;Data Controller.&quot; Under the law, &quot;Data\u2026<\/p>","protected":false},"author":1,"featured_media":0,"parent":0,"menu_order":0,"comment_status":"closed","ping_status":"closed","template":"","meta":{"footnotes":""},"class_list":["post-10","page","type-page","status-publish","hentry"],"yoast_head":"<!-- This site is optimized with the Yoast SEO plugin v27.4 - https:\/\/yoast.com\/product\/yoast-seo-wordpress\/ -->\n<title>Ki\u015fisel Verilerin Korunmas\u0131 - Sempoly<\/title>\n<meta name=\"robots\" content=\"index, follow, max-snippet:-1, max-image-preview:large, max-video-preview:-1\" \/>\n<link rel=\"canonical\" href=\"https:\/\/www.sempoly.com\/en\/kisisel-verilerin-korunmasi\/\" \/>\n<meta property=\"og:locale\" content=\"en_US\" \/>\n<meta property=\"og:type\" content=\"article\" \/>\n<meta property=\"og:title\" content=\"Ki\u015fisel Verilerin Korunmas\u0131 - Sempoly\" \/>\n<meta property=\"og:description\" content=\"Ki\u015fisel Verilerin Korunmas\u0131 Kanunu De\u011ferli misafirimiz, \u00d6zel hayat\u0131n\u0131z\u0131n gizlili\u011fine sayg\u0131 duyuyor ve \u00f6nemsiyoruz. Bu nedenle, temel hak ve \u00f6zg\u00fcrl\u00fcklerinizi korumak amac\u0131yla y\u00fcr\u00fcrl\u00fckte olan 6698 say\u0131l\u0131 Ki\u015fisel Verilerin Korunmas\u0131 Kanunu (Kanun) kapsam\u0131ndaki ki\u015fisel verilerinizin kullan\u0131m\u0131 ve korunmas\u0131na dair haklar\u0131n\u0131z ile ilgili sizi bilgilendirmek istiyoruz. Genel Kanun Kapsam\u0131 Kanun\u2019da Firmam\u0131z \u201cVeri Sorumlusu\u201d s\u0131fat\u0131yla an\u0131l\u0131yoruz. Kanun kapsam\u0131nda, \u201cVeri...\" \/>\n<meta property=\"og:url\" content=\"https:\/\/www.sempoly.com\/en\/kisisel-verilerin-korunmasi\/\" \/>\n<meta property=\"og:site_name\" content=\"Sempoly\" \/>\n<meta property=\"article:modified_time\" content=\"2025-04-14T07:18:08+00:00\" \/>\n<meta name=\"twitter:card\" content=\"summary_large_image\" \/>\n<meta name=\"twitter:label1\" content=\"Est. reading time\" \/>\n\t<meta name=\"twitter:data1\" content=\"4 minutes\" \/>\n<script type=\"application\/ld+json\" class=\"yoast-schema-graph\">{\"@context\":\"https:\\\/\\\/schema.org\",\"@graph\":[{\"@type\":\"WebPage\",\"@id\":\"https:\\\/\\\/www.sempoly.com\\\/kisisel-verilerin-korunmasi\\\/\",\"url\":\"https:\\\/\\\/www.sempoly.com\\\/kisisel-verilerin-korunmasi\\\/\",\"name\":\"Ki\u015fisel Verilerin Korunmas\u0131 - Sempoly\",\"isPartOf\":{\"@id\":\"https:\\\/\\\/www.sempoly.com\\\/#website\"},\"datePublished\":\"2023-01-31T19:03:05+00:00\",\"dateModified\":\"2025-04-14T07:18:08+00:00\",\"breadcrumb\":{\"@id\":\"https:\\\/\\\/www.sempoly.com\\\/kisisel-verilerin-korunmasi\\\/#breadcrumb\"},\"inLanguage\":\"en-US\",\"potentialAction\":[{\"@type\":\"ReadAction\",\"target\":[\"https:\\\/\\\/www.sempoly.com\\\/kisisel-verilerin-korunmasi\\\/\"]}]},{\"@type\":\"BreadcrumbList\",\"@id\":\"https:\\\/\\\/www.sempoly.com\\\/kisisel-verilerin-korunmasi\\\/#breadcrumb\",\"itemListElement\":[{\"@type\":\"ListItem\",\"position\":1,\"name\":\"Anasayfa\",\"item\":\"https:\\\/\\\/www.sempoly.com\\\/\"},{\"@type\":\"ListItem\",\"position\":2,\"name\":\"Ki\u015fisel Verilerin Korunmas\u0131\"}]},{\"@type\":\"WebSite\",\"@id\":\"https:\\\/\\\/www.sempoly.com\\\/#website\",\"url\":\"https:\\\/\\\/www.sempoly.com\\\/\",\"name\":\"Sempoly\",\"description\":\"\",\"potentialAction\":[{\"@type\":\"SearchAction\",\"target\":{\"@type\":\"EntryPoint\",\"urlTemplate\":\"https:\\\/\\\/www.sempoly.com\\\/?s={search_term_string}\"},\"query-input\":{\"@type\":\"PropertyValueSpecification\",\"valueRequired\":true,\"valueName\":\"search_term_string\"}}],\"inLanguage\":\"en-US\"}]}<\/script>\n<!-- \/ Yoast SEO plugin. -->","yoast_head_json":{"title":"Protection of Personal Data - Sempoly","robots":{"index":"index","follow":"follow","max-snippet":"max-snippet:-1","max-image-preview":"max-image-preview:large","max-video-preview":"max-video-preview:-1"},"canonical":"https:\/\/www.sempoly.com\/en\/kisisel-verilerin-korunmasi\/","og_locale":"en_US","og_type":"article","og_title":"Ki\u015fisel Verilerin Korunmas\u0131 - Sempoly","og_description":"Ki\u015fisel Verilerin Korunmas\u0131 Kanunu De\u011ferli misafirimiz, \u00d6zel hayat\u0131n\u0131z\u0131n gizlili\u011fine sayg\u0131 duyuyor ve \u00f6nemsiyoruz. Bu nedenle, temel hak ve \u00f6zg\u00fcrl\u00fcklerinizi korumak amac\u0131yla y\u00fcr\u00fcrl\u00fckte olan 6698 say\u0131l\u0131 Ki\u015fisel Verilerin Korunmas\u0131 Kanunu (Kanun) kapsam\u0131ndaki ki\u015fisel verilerinizin kullan\u0131m\u0131 ve korunmas\u0131na dair haklar\u0131n\u0131z ile ilgili sizi bilgilendirmek istiyoruz. Genel Kanun Kapsam\u0131 Kanun\u2019da Firmam\u0131z \u201cVeri Sorumlusu\u201d s\u0131fat\u0131yla an\u0131l\u0131yoruz. Kanun kapsam\u0131nda, \u201cVeri...","og_url":"https:\/\/www.sempoly.com\/en\/kisisel-verilerin-korunmasi\/","og_site_name":"Sempoly","article_modified_time":"2025-04-14T07:18:08+00:00","twitter_card":"summary_large_image","twitter_misc":{"Est. reading time":"4 minutes"},"schema":{"@context":"https:\/\/schema.org","@graph":[{"@type":"WebPage","@id":"https:\/\/www.sempoly.com\/kisisel-verilerin-korunmasi\/","url":"https:\/\/www.sempoly.com\/kisisel-verilerin-korunmasi\/","name":"Protection of Personal Data - Sempoly","isPartOf":{"@id":"https:\/\/www.sempoly.com\/#website"},"datePublished":"2023-01-31T19:03:05+00:00","dateModified":"2025-04-14T07:18:08+00:00","breadcrumb":{"@id":"https:\/\/www.sempoly.com\/kisisel-verilerin-korunmasi\/#breadcrumb"},"inLanguage":"en-US","potentialAction":[{"@type":"ReadAction","target":["https:\/\/www.sempoly.com\/kisisel-verilerin-korunmasi\/"]}]},{"@type":"BreadcrumbList","@id":"https:\/\/www.sempoly.com\/kisisel-verilerin-korunmasi\/#breadcrumb","itemListElement":[{"@type":"ListItem","position":1,"name":"Anasayfa","item":"https:\/\/www.sempoly.com\/"},{"@type":"ListItem","position":2,"name":"Ki\u015fisel Verilerin Korunmas\u0131"}]},{"@type":"WebSite","@id":"https:\/\/www.sempoly.com\/#website","url":"https:\/\/www.sempoly.com\/","name":"Sempoly","description":"","potentialAction":[{"@type":"SearchAction","target":{"@type":"EntryPoint","urlTemplate":"https:\/\/www.sempoly.com\/?s={search_term_string}"},"query-input":{"@type":"PropertyValueSpecification","valueRequired":true,"valueName":"search_term_string"}}],"inLanguage":"en-US"}]}},"_links":{"self":[{"href":"https:\/\/www.sempoly.com\/en\/wp-json\/wp\/v2\/pages\/10","targetHints":{"allow":["GET"]}}],"collection":[{"href":"https:\/\/www.sempoly.com\/en\/wp-json\/wp\/v2\/pages"}],"about":[{"href":"https:\/\/www.sempoly.com\/en\/wp-json\/wp\/v2\/types\/page"}],"author":[{"embeddable":true,"href":"https:\/\/www.sempoly.com\/en\/wp-json\/wp\/v2\/users\/1"}],"replies":[{"embeddable":true,"href":"https:\/\/www.sempoly.com\/en\/wp-json\/wp\/v2\/comments?post=10"}],"version-history":[{"count":2,"href":"https:\/\/www.sempoly.com\/en\/wp-json\/wp\/v2\/pages\/10\/revisions"}],"predecessor-version":[{"id":238,"href":"https:\/\/www.sempoly.com\/en\/wp-json\/wp\/v2\/pages\/10\/revisions\/238"}],"wp:attachment":[{"href":"https:\/\/www.sempoly.com\/en\/wp-json\/wp\/v2\/media?parent=10"}],"curies":[{"name":"wp","href":"https:\/\/api.w.org\/{rel}","templated":true}]}}